{"id":1516,"date":"2017-02-04T18:45:39","date_gmt":"2017-02-04T17:45:39","guid":{"rendered":"http:\/\/dev.sgv-champagne.fr\/?page_id=1516"},"modified":"2026-03-05T15:59:48","modified_gmt":"2026-03-05T14:59:48","slug":"les-elus","status":"publish","type":"page","link":"https:\/\/www.sgv-champagne.fr\/?page_id=1516","title":{"rendered":"Les \u00e9lus du SGV"},"content":{"rendered":"<div class=\"wpb-content-wrapper\"><p>[vc_row][vc_column column_margin_bottom=\u00a0\u00bb30px\u00a0\u00bb][vc_custom_heading text=\u00a0\u00bbLe Conseil d&rsquo;Administration du SGV\u00a0\u00bb use_theme_fonts=\u00a0\u00bbyes\u00a0\u00bb][\/vc_column][\/vc_row][vc_row][vc_column][vc_masonry_media_grid element_width=\u00a0\u00bb3&Prime; item=\u00a0\u00bb2259&Prime; css=\u00a0\u00bb\u00a0\u00bb grid_id=\u00a0\u00bbvc_gid:1772722588430-e2c93a7e-f0a3-0&Prime; include=\u00a0\u00bb5446,6151,5860,1521&Prime;][\/vc_column][vc_column][vc_masonry_media_grid element_width=\u00a0\u00bb3&Prime; item=\u00a0\u00bb2259&Prime; css=\u00a0\u00bb\u00a0\u00bb grid_id=\u00a0\u00bbvc_gid:1772722588431-84b0ba13-8e13-7&Prime; include=\u00a0\u00bb1523,1524,2712,6143&Prime;][\/vc_column][vc_column][vc_masonry_media_grid element_width=\u00a0\u00bb3&Prime; item=\u00a0\u00bb2259&Prime; css=\u00a0\u00bb\u00a0\u00bb grid_id=\u00a0\u00bbvc_gid:1772722588431-64d2b41b-409f-5&Prime; include=\u00a0\u00bb6152,1528,5863,6153&Prime;][\/vc_column][vc_column][vc_masonry_media_grid element_width=\u00a0\u00bb3&Prime; item=\u00a0\u00bb2259&Prime; css=\u00a0\u00bb\u00a0\u00bb grid_id=\u00a0\u00bbvc_gid:1772722588432-9e76acc3-acab-0&Prime; include=\u00a0\u00bb5953,1530,6154,3715&Prime;][\/vc_column][vc_column][vc_masonry_media_grid element_width=\u00a0\u00bb3&Prime; gap=\u00a0\u00bb0&Prime; item=\u00a0\u00bb2259&Prime; css=\u00a0\u00bb\u00a0\u00bb initial_loading_animation=\u00a0\u00bbnone\u00a0\u00bb grid_id=\u00a0\u00bbvc_gid:1772722588432-0adf3eb3-1bd5-10&Prime; include=\u00a0\u00bb5448,1535,5861,1579&Prime;][\/vc_column][vc_column][vc_masonry_media_grid element_width=\u00a0\u00bb3&Prime; item=\u00a0\u00bb2259&Prime; css=\u00a0\u00bb\u00a0\u00bb grid_id=\u00a0\u00bbvc_gid:1772722588432-246a6774-2f1c-5&Prime; include=\u00a0\u00bb1538,5864,5449,6157&Prime;][\/vc_column][vc_column][vc_masonry_media_grid element_width=\u00a0\u00bb3&Prime; item=\u00a0\u00bb2259&Prime; css=\u00a0\u00bb\u00a0\u00bb grid_id=\u00a0\u00bbvc_gid:1772722588433-731e84b6-5be7-5&Prime; include=\u00a0\u00bb5450,5865,6161,6158&Prime;][\/vc_column][vc_column][vc_masonry_media_grid element_width=\u00a0\u00bb3&Prime; item=\u00a0\u00bb2259&Prime; css=\u00a0\u00bb\u00a0\u00bb grid_id=\u00a0\u00bbvc_gid:1772722588433-5b4ee6f0-77df-3&Prime; include=\u00a0\u00bb6149,1549,5866,5867&Prime;][\/vc_column][vc_column][vc_masonry_media_grid element_width=\u00a0\u00bb3&Prime; item=\u00a0\u00bb2259&Prime; css=\u00a0\u00bb\u00a0\u00bb grid_id=\u00a0\u00bbvc_gid:1772722588435-653510fc-57b8-10&Prime; include=\u00a0\u00bb6145,6159,1552,1554&Prime;][\/vc_column][vc_column][vc_masonry_media_grid element_width=\u00a0\u00bb3&Prime; item=\u00a0\u00bb2259&Prime; css=\u00a0\u00bb\u00a0\u00bb grid_id=\u00a0\u00bbvc_gid:1772722588435-fb6c0cfc-8869-3&Prime; include=\u00a0\u00bb2711,5452,1558,6146&Prime;][\/vc_column][vc_column][vc_masonry_media_grid element_width=\u00a0\u00bb3&Prime; item=\u00a0\u00bb2259&Prime; css=\u00a0\u00bb\u00a0\u00bb grid_id=\u00a0\u00bbvc_gid:1772722588435-a064952c-761e-7&Prime; include=\u00a0\u00bb1559,1577,1562,6147&Prime;][\/vc_column][vc_column][vc_masonry_media_grid element_width=\u00a0\u00bb3&Prime; item=\u00a0\u00bb2259&Prime; css=\u00a0\u00bb\u00a0\u00bb grid_id=\u00a0\u00bbvc_gid:1772722588436-52df5dc5-bc20-8&Prime; include=\u00a0\u00bb5868,6144,2713,6148&Prime;][\/vc_column][\/vc_row][vc_row][vc_column column_margin_bottom=\u00a0\u00bb30px\u00a0\u00bb][vc_custom_heading text=\u00a0\u00bbMembres de droit\u00a0\u00bb use_theme_fonts=\u00a0\u00bbyes\u00a0\u00bb][vc_masonry_media_grid element_width=\u00a0\u00bb3&Prime; item=\u00a0\u00bb2259&Prime; css=\u00a0\u00bb\u00a0\u00bb grid_id=\u00a0\u00bbvc_gid:1772722588436-801cb66e-a670-2&Prime; include=\u00a0\u00bb5857,5782,5783&Prime;][\/vc_column][\/vc_row][vc_row][vc_column column_margin_bottom=\u00a0\u00bb20px\u00a0\u00bb][vc_custom_heading text=\u00a0\u00bbLe Bureau du SGV\u00a0\u00bb use_theme_fonts=\u00a0\u00bbyes\u00a0\u00bb][\/vc_column][\/vc_row][vc_row][vc_column][vc_single_image image=\u00a0\u00bb5854&Prime; img_size=\u00a0\u00bblarge\u00a0\u00bb css_animation=\u00a0\u00bbappear\u00a0\u00bb][vc_empty_space height=\u00a0\u00bb16px\u00a0\u00bb][vc_column_text]<em>De haut en bas et de gauche \u00e0 droite :<\/em><\/p>\n<p>Arnaud Fayet (Vice-pr\u00e9sident Aisne), Emmanuel Mannoury, Jean-Christophe Delavenne (Vice-pr\u00e9sident Marne), Jean Lallement, Vincent Jourdan (Pr\u00e9sident de la Coop\u00e9ration Agricole Grand-Est), Jo\u00ebl Falmet (Vice-pr\u00e9sident Aube), Damien Champy\u00a0 (Secr\u00e9taire G\u00e9n\u00e9ral), Clotilde Chauvet (Tr\u00e9sorier), Maxime Toubart (Pr\u00e9sident), Oph\u00e9lie Lapie Lamiable, David Gaudinat[\/vc_column_text][\/vc_column][\/vc_row]<\/p>\n<\/div>","protected":false},"excerpt":{"rendered":"<p>[vc_row][vc_column column_margin_bottom=\u00a0\u00bb30px\u00a0\u00bb][vc_custom_heading text=\u00a0\u00bbLe Conseil d&rsquo;Administration du SGV\u00a0\u00bb use_theme_fonts=\u00a0\u00bbyes\u00a0\u00bb][\/vc_column][\/vc_row][vc_row][vc_column][vc_masonry_media_grid element_width=\u00a0\u00bb3&Prime; item=\u00a0\u00bb2259&Prime; css=\u00a0\u00bb\u00a0\u00bb grid_id=\u00a0\u00bbvc_gid:1772722588430-e2c93a7e-f0a3-0&Prime; include=\u00a0\u00bb5446,6151,5860,1521&Prime;][\/vc_column][vc_column][vc_masonry_media_grid element_width=\u00a0\u00bb3&Prime; item=\u00a0\u00bb2259&Prime; css=\u00a0\u00bb\u00a0\u00bb grid_id=\u00a0\u00bbvc_gid:1772722588431-84b0ba13-8e13-7&Prime; include=\u00a0\u00bb1523,1524,2712,6143&Prime;][\/vc_column][vc_column][vc_masonry_media_grid element_width=\u00a0\u00bb3&Prime; item=\u00a0\u00bb2259&Prime; css=\u00a0\u00bb\u00a0\u00bb grid_id=\u00a0\u00bbvc_gid:1772722588431-64d2b41b-409f-5&Prime; include=\u00a0\u00bb6152,1528,5863,6153&Prime;][\/vc_column][vc_column][vc_masonry_media_grid element_width=\u00a0\u00bb3&Prime; item=\u00a0\u00bb2259&Prime; css=\u00a0\u00bb\u00a0\u00bb grid_id=\u00a0\u00bbvc_gid:1772722588432-9e76acc3-acab-0&Prime; include=\u00a0\u00bb5953,1530,6154,3715&Prime;][\/vc_column][vc_column][vc_masonry_media_grid element_width=\u00a0\u00bb3&Prime; gap=\u00a0\u00bb0&Prime; item=\u00a0\u00bb2259&Prime; css=\u00a0\u00bb\u00a0\u00bb initial_loading_animation=\u00a0\u00bbnone\u00a0\u00bb grid_id=\u00a0\u00bbvc_gid:1772722588432-0adf3eb3-1bd5-10&Prime; include=\u00a0\u00bb5448,1535,5861,1579&Prime;][\/vc_column][vc_column][vc_masonry_media_grid element_width=\u00a0\u00bb3&Prime; item=\u00a0\u00bb2259&Prime; css=\u00a0\u00bb\u00a0\u00bb grid_id=\u00a0\u00bbvc_gid:1772722588432-246a6774-2f1c-5&Prime; include=\u00a0\u00bb1538,5864,5449,6157&Prime;][\/vc_column][vc_column][vc_masonry_media_grid element_width=\u00a0\u00bb3&Prime; item=\u00a0\u00bb2259&Prime; css=\u00a0\u00bb\u00a0\u00bb grid_id=\u00a0\u00bbvc_gid:1772722588433-731e84b6-5be7-5&Prime; include=\u00a0\u00bb5450,5865,6161,6158&Prime;][\/vc_column][vc_column][vc_masonry_media_grid element_width=\u00a0\u00bb3&Prime; item=\u00a0\u00bb2259&Prime; css=\u00a0\u00bb\u00a0\u00bb grid_id=\u00a0\u00bbvc_gid:1772722588433-5b4ee6f0-77df-3&Prime; include=\u00a0\u00bb6149,1549,5866,5867&Prime;][\/vc_column][vc_column][vc_masonry_media_grid element_width=\u00a0\u00bb3&Prime; item=\u00a0\u00bb2259&Prime; css=\u00a0\u00bb\u00a0\u00bb grid_id=\u00a0\u00bbvc_gid:1772722588435-653510fc-57b8-10&Prime; include=\u00a0\u00bb6145,6159,1552,1554&Prime;][\/vc_column][vc_column][vc_masonry_media_grid &hellip; <\/p>\n<p class=\"link-more\"><a href=\"https:\/\/www.sgv-champagne.fr\/?page_id=1516\" class=\"more-link\">Continuer la lecture<span class=\"screen-reader-text\"> de &laquo;&nbsp;Les \u00e9lus du SGV&nbsp;&raquo;<\/span><\/a><\/p>\n","protected":false},"author":7,"featured_media":0,"parent":0,"menu_order":0,"comment_status":"closed","ping_status":"closed","template":"","meta":{"footnotes":""},"class_list":["post-1516","page","type-page","status-publish","hentry"],"_links":{"self":[{"href":"https:\/\/www.sgv-champagne.fr\/index.php?rest_route=\/wp\/v2\/pages\/1516","targetHints":{"allow":["GET"]}}],"collection":[{"href":"https:\/\/www.sgv-champagne.fr\/index.php?rest_route=\/wp\/v2\/pages"}],"about":[{"href":"https:\/\/www.sgv-champagne.fr\/index.php?rest_route=\/wp\/v2\/types\/page"}],"author":[{"embeddable":true,"href":"https:\/\/www.sgv-champagne.fr\/index.php?rest_route=\/wp\/v2\/users\/7"}],"replies":[{"embeddable":true,"href":"https:\/\/www.sgv-champagne.fr\/index.php?rest_route=%2Fwp%2Fv2%2Fcomments&post=1516"}],"version-history":[{"count":60,"href":"https:\/\/www.sgv-champagne.fr\/index.php?rest_route=\/wp\/v2\/pages\/1516\/revisions"}],"predecessor-version":[{"id":6163,"href":"https:\/\/www.sgv-champagne.fr\/index.php?rest_route=\/wp\/v2\/pages\/1516\/revisions\/6163"}],"wp:attachment":[{"href":"https:\/\/www.sgv-champagne.fr\/index.php?rest_route=%2Fwp%2Fv2%2Fmedia&parent=1516"}],"curies":[{"name":"wp","href":"https:\/\/api.w.org\/{rel}","templated":true}]}}