{"id":1647,"date":"2016-04-24T13:38:33","date_gmt":"2016-04-24T12:38:33","guid":{"rendered":"http:\/\/dev.sgv-champagne.fr\/?page_id=1647"},"modified":"2016-04-24T13:38:33","modified_gmt":"2016-04-24T12:38:33","slug":"commission-viticultrices","status":"publish","type":"page","link":"https:\/\/www.sgv-champagne.fr\/?page_id=1647","title":{"rendered":"La Commission des viticultrices"},"content":{"rendered":"<p>L&rsquo;objectif de la Commission des viticultrices \u00e9tait \u00e0 l\u2019origine, de faire reconna\u00eetre le r\u00f4le du conjoint d\u2019exploitation par un statut juridique et social.<\/p>\n<p>La Commission des Viticultrices de la Champagne est une structure interne du Syndicat.<\/p>\n<p>Aujourd\u2019hui, la commission exprime au sein du SGV le point de vue des viticultrices, prend en charge le suivi de dossiers syndicaux en concertation avec le Bureau du SGV et organise des r\u00e9unions d\u2019information sur des sujets pratiques.<\/p>\n<p>Apr\u00e8s avoir travaill\u00e9 sur le statut du conjoint collaborateur, elles ont travaill\u00e9 notamment aux colis-poste, r\u00e9dig\u00e9 un guide \u00ab d\u00e9c\u00e8s, divorce, incapacit\u00e9 : comment faire face ? \u00bb et travaillent actuellement sur un m\u00e9mo qui recensera les documents administratifs d\u2019une exploitation et la dur\u00e9e pendant laquelle ils doivent \u00eatre conserv\u00e9s.<\/p>\n","protected":false},"excerpt":{"rendered":"<p>L&rsquo;objectif de la Commission des viticultrices \u00e9tait \u00e0 l\u2019origine, de faire reconna\u00eetre le r\u00f4le du conjoint d\u2019exploitation par un statut juridique et social. La Commission des Viticultrices de la Champagne est une structure interne du Syndicat. Aujourd\u2019hui, la commission exprime au sein du SGV le point de vue des viticultrices, prend en charge le suivi &hellip; <\/p>\n<p class=\"link-more\"><a href=\"https:\/\/www.sgv-champagne.fr\/?page_id=1647\" class=\"more-link\">Continuer la lecture<span class=\"screen-reader-text\"> de &laquo;&nbsp;La Commission des viticultrices&nbsp;&raquo;<\/span><\/a><\/p>\n","protected":false},"author":7,"featured_media":0,"parent":0,"menu_order":0,"comment_status":"closed","ping_status":"closed","template":"","meta":{"footnotes":""},"class_list":["post-1647","page","type-page","status-publish","hentry"],"_links":{"self":[{"href":"https:\/\/www.sgv-champagne.fr\/index.php?rest_route=\/wp\/v2\/pages\/1647","targetHints":{"allow":["GET"]}}],"collection":[{"href":"https:\/\/www.sgv-champagne.fr\/index.php?rest_route=\/wp\/v2\/pages"}],"about":[{"href":"https:\/\/www.sgv-champagne.fr\/index.php?rest_route=\/wp\/v2\/types\/page"}],"author":[{"embeddable":true,"href":"https:\/\/www.sgv-champagne.fr\/index.php?rest_route=\/wp\/v2\/users\/7"}],"replies":[{"embeddable":true,"href":"https:\/\/www.sgv-champagne.fr\/index.php?rest_route=%2Fwp%2Fv2%2Fcomments&post=1647"}],"version-history":[{"count":0,"href":"https:\/\/www.sgv-champagne.fr\/index.php?rest_route=\/wp\/v2\/pages\/1647\/revisions"}],"wp:attachment":[{"href":"https:\/\/www.sgv-champagne.fr\/index.php?rest_route=%2Fwp%2Fv2%2Fmedia&parent=1647"}],"curies":[{"name":"wp","href":"https:\/\/api.w.org\/{rel}","templated":true}]}}