{"id":1649,"date":"2016-04-24T13:39:02","date_gmt":"2016-04-24T12:39:02","guid":{"rendered":"http:\/\/dev.sgv-champagne.fr\/?page_id=1649"},"modified":"2018-06-20T15:19:36","modified_gmt":"2018-06-20T14:19:36","slug":"federation-vignerons-independants","status":"publish","type":"page","link":"https:\/\/www.sgv-champagne.fr\/?page_id=1649","title":{"rendered":"La F\u00e9d\u00e9ration R\u00e9gionale des Vignerons Ind\u00e9pendants"},"content":{"rendered":"<p>Les adh\u00e9rents sont des vignerons ind\u00e9pendants qui \u00e9laborent leurs champagnes\u00a0 \u00ab de A \u00e0 Z !&#8230; \u00bb depuis la culture de la vigne jusqu\u2019\u00e0 la commercialisation de leurs cuv\u00e9es en passant par la vinification.<\/p>\n<p>La F\u00e9d\u00e9ration R\u00e9gionale des Vignerons Ind\u00e9pendants de Champagne (FRVIC) est l\u2019une des 11 f\u00e9d\u00e9rations r\u00e9gionales que compte le mouvement des Vignerons Ind\u00e9pendants de France (VIF), elles-m\u00eames regroupant 32 f\u00e9d\u00e9rations d\u00e9partementales.<\/p>\n<p>Cr\u00e9\u00e9e en 1992, la F\u00e9d\u00e9ration de Champagne regroupe actuellement plus de 300 adh\u00e9rents. Les adh\u00e9rents sont des vignerons ind\u00e9pendants qui \u00e9laborent leurs champagnes\u00a0 \u00ab de A \u00e0 Z !&#8230; \u00bb depuis la culture de la vigne jusqu\u2019\u00e0 la commercialisation de leurs cuv\u00e9es en passant par la vinification.<\/p>\n<p>La F\u00e9d\u00e9ration R\u00e9gionale des Vignerons Ind\u00e9pendants de Champagne a pour but d\u2019assurer la d\u00e9fense et la promotion du m\u00e9tier de vigneron ind\u00e9pendant. Ses repr\u00e9sentants participent aux d\u00e9cisions d\u2019un certain nombre d\u2019instances tant au niveau r\u00e9gional que national.<\/p>\n<p>Au niveau r\u00e9gional, son\u00a0pr\u00e9sident si\u00e8ge au sein du bureau et du Conseil d\u2019administration du SGV et ses repr\u00e9sentants participent aux travaux des commissions syndicales.<\/p>\n<p>Au niveau national, les administrateurs de la F\u00e9d\u00e9ration si\u00e8gent au bureau, au Conseil d\u2019administration et dans les commissions du mouvement des Vignerons ind\u00e9pendants de France.<\/p>\n<p>Elle est \u00e9galement le relais entre les Vignerons ind\u00e9pendants de France et les parlementaires r\u00e9gionaux.<\/p>\n<p>La F\u00e9d\u00e9ration d\u00e9veloppe des services professionnels sp\u00e9cifiques tels que : conseil, conditions d\u2019achats\u00a0 privil\u00e9gi\u00e9es, formation, etc.<\/p>\n<p>Viticulture durable : partenariat avec la chambre d\u2019agriculture pour accompagner les Vignerons ind\u00e9pendants dans la d\u00e9marche \u00ab Haute Valeur Environnementale \u00bb.<\/p>\n<p>Promotion et communication :\u00a0organisation de manifestations pour la presse professionnelles,\u00a0participation \u00e0 l\u2019\u00e9v\u00e9nement national \u00ab Pique-nique chez le vigneron ind\u00e9pendant \u00bb,\u00a0participation aux salons des vins des Vignerons ind\u00e9pendants,\u00a0bulletin \u00ab le Vigneron ind\u00e9pendant champenois \u00bb, qui concentre toute l\u2019information sur la vie de la f\u00e9d\u00e9ration.<\/p>\n<p>Technique et dynamique :\u00a0cr\u00e9ation du Cercle des partenaires champenois.\u00a0Celui-ci permet de cr\u00e9er des relations privil\u00e9gi\u00e9es entre les Vignerons Ind\u00e9pendants et des entreprises leaders de Champagne, \u00e0 l\u2019occasion de rencontres organis\u00e9es par la f\u00e9d\u00e9ration.<\/p>\n<p>Cr\u00e9ation d\u2019outils sp\u00e9cifiques : coiffes de surbouchage, plaques de muselet, sacs, etc.<\/p>\n<p><em><a href=\"http:\/\/www.vignerons-independants-champagne.com\">www.vignerons-independants-champagne.com<br \/>\n<\/a><\/em><em>Facebook : Vignerons ind\u00e9pendants de Champagne<br \/>\n<\/em><em>Twitter : <a href=\"http:\/\/twitter.com\/champagneindep\">@champagneindep<\/a><\/em><\/p>\n","protected":false},"excerpt":{"rendered":"<p>Les adh\u00e9rents sont des vignerons ind\u00e9pendants qui \u00e9laborent leurs champagnes\u00a0 \u00ab de A \u00e0 Z !&#8230; \u00bb depuis la culture de la vigne jusqu\u2019\u00e0 la commercialisation de leurs cuv\u00e9es en passant par la vinification. La F\u00e9d\u00e9ration R\u00e9gionale des Vignerons Ind\u00e9pendants de Champagne (FRVIC) est l\u2019une des 11 f\u00e9d\u00e9rations r\u00e9gionales que compte le mouvement des Vignerons &hellip; <\/p>\n<p class=\"link-more\"><a href=\"https:\/\/www.sgv-champagne.fr\/?page_id=1649\" class=\"more-link\">Continuer la lecture<span class=\"screen-reader-text\"> de &laquo;&nbsp;La F\u00e9d\u00e9ration R\u00e9gionale des Vignerons Ind\u00e9pendants&nbsp;&raquo;<\/span><\/a><\/p>\n","protected":false},"author":7,"featured_media":0,"parent":0,"menu_order":0,"comment_status":"closed","ping_status":"closed","template":"","meta":{"footnotes":""},"class_list":["post-1649","page","type-page","status-publish","hentry"],"_links":{"self":[{"href":"https:\/\/www.sgv-champagne.fr\/index.php?rest_route=\/wp\/v2\/pages\/1649","targetHints":{"allow":["GET"]}}],"collection":[{"href":"https:\/\/www.sgv-champagne.fr\/index.php?rest_route=\/wp\/v2\/pages"}],"about":[{"href":"https:\/\/www.sgv-champagne.fr\/index.php?rest_route=\/wp\/v2\/types\/page"}],"author":[{"embeddable":true,"href":"https:\/\/www.sgv-champagne.fr\/index.php?rest_route=\/wp\/v2\/users\/7"}],"replies":[{"embeddable":true,"href":"https:\/\/www.sgv-champagne.fr\/index.php?rest_route=%2Fwp%2Fv2%2Fcomments&post=1649"}],"version-history":[{"count":1,"href":"https:\/\/www.sgv-champagne.fr\/index.php?rest_route=\/wp\/v2\/pages\/1649\/revisions"}],"predecessor-version":[{"id":2856,"href":"https:\/\/www.sgv-champagne.fr\/index.php?rest_route=\/wp\/v2\/pages\/1649\/revisions\/2856"}],"wp:attachment":[{"href":"https:\/\/www.sgv-champagne.fr\/index.php?rest_route=%2Fwp%2Fv2%2Fmedia&parent=1649"}],"curies":[{"name":"wp","href":"https:\/\/api.w.org\/{rel}","templated":true}]}}