{"id":1651,"date":"2016-04-24T13:39:38","date_gmt":"2016-04-24T12:39:38","guid":{"rendered":"http:\/\/dev.sgv-champagne.fr\/?page_id=1651"},"modified":"2018-06-20T15:18:35","modified_gmt":"2018-06-20T14:18:35","slug":"fcvc","status":"publish","type":"page","link":"https:\/\/www.sgv-champagne.fr\/?page_id=1651","title":{"rendered":"La F\u00e9d\u00e9ration des Coop\u00e9ratives Vinicoles de la Champagne"},"content":{"rendered":"<p>En 1939, le SGV Champagne cr\u00e9e la F\u00e9d\u00e9ration qui regroupe alors 28 coop\u00e9ratives. L\u2019objectif est de coordonner l\u2019action des coop\u00e9ratives pour qu\u2019elles restent au service de la cause syndicale.<\/p>\n<p>Ainsi, depuis plus de cinquante ans, la coop\u00e9ration champenoise contribue au maintien de l\u2019\u00e9quilibre \u00e9conomique entre vignoble et n\u00e9goce. Pour mener \u00e0 bien cette mission, la coop\u00e9ration a d\u00e9velopp\u00e9 plusieurs activit\u00e9s qui se d\u00e9composent en trois p\u00f4les majeurs.<\/p>\n<p><strong>La ma\u00eetrise de la mati\u00e8re premi\u00e8re par sa force de regroupement<\/strong><\/p>\n<p>Les vignerons champenois sont principalement des producteurs de raisins (70% de leur production est mise sur le march\u00e9 du Champagne par le n\u00e9goce).<\/p>\n<p>Par le regroupement \u00e0 la vendange des r\u00e9coltes engag\u00e9es au n\u00e9goce, les coop\u00e9ratives permettent le partage \u00e9quitable de la valeur entre ceux qui produisent le raisin et ceux qui commercialisent le champagne.<\/p>\n<p><strong>L\u2019\u00e9laboration et la commercialisation par les vignerons<\/strong><\/p>\n<p>Les coop\u00e9ratives mettent \u00e0 disposition un savoir-faire reconnu en mati\u00e8re d\u2019\u00e9laboration et d\u2019assemblage et proposent aux vignerons des prestations allant du\u00a0pressurage jusqu\u2019au d\u00e9gorgement.<\/p>\n<p>Les viticulteurs champenois se sont appuy\u00e9s sur cet outil coop\u00e9ratif pour s\u2019engager avec succ\u00e8s dans l\u2019\u00e9laboration et le commerce du champagne.<\/p>\n<p><strong>Le d\u00e9veloppement de marques de notori\u00e9t\u00e9, unit\u00e9s structur\u00e9es qui participent au maintien des parts du vignoble dans les ventes de champagne<\/strong><\/p>\n<p>Pour maintenir durablement ses parts dans les ventes de champagne, le vignoble doit s\u2019appuyer sur des unit\u00e9s structur\u00e9es capables d\u2019aborder des march\u00e9s d\u2019avenir comme l\u2019exportation. Pour ce faire, les coop\u00e9ratives d\u00e9veloppent des marques de notori\u00e9t\u00e9.<\/p>\n<p>Les 135 coop\u00e9ratives vinicoles champenoises sont regroup\u00e9es au sein de la F\u00e9d\u00e9ration des Coop\u00e9ratives Vinicoles de la Champagne (FCVC) qui est le prolongement politique de ces entit\u00e9s \u00e9conomiques. Cr\u00e9\u00e9e par le SGV, les principales missions de la FCVC sont :<\/p>\n<ul>\n<li>d\u2019assurer et de mettre en \u0153uvre la politique du mouvement coop\u00e9ratif au niveau local, par une implication directe dans les instances syndicale\u00a0et professionnelle et au niveau national par une implication au sein de la Conf\u00e9d\u00e9ration des Coop\u00e9ratives Vinicoles de France ;<\/li>\n<li>de promouvoir la coop\u00e9ration vinicole champenoise et d\u2019en assurer la repr\u00e9sentation ;<\/li>\n<li>d\u2019assurer une interface active avec les administrations et les pouvoirs publics ;<\/li>\n<li>de d\u00e9fendre les int\u00e9r\u00eats mat\u00e9riels et moraux de ses membres ;<\/li>\n<li>de favoriser et de d\u00e9velopper l\u2019information des coop\u00e9ratives ;<\/li>\n<li>de proposer un service juridique, fiscal et social.<\/li>\n<\/ul>\n<p>Pour assurer une bonne repr\u00e9sentativit\u00e9 g\u00e9ographique des coop\u00e9ratives, la Champagne est d\u00e9coup\u00e9e en quatre grandes zones au sein desquelles les coop\u00e9ratives \u00e9lisent leurs repr\u00e9sentants.<\/p>\n<p>31 administrateurs si\u00e8gent au Conseil d\u2019Administration de la F\u00e9d\u00e9ration.\u00a0Ils \u00e9lisent chaque ann\u00e9e leur Pr\u00e9sident et les membres constituant le Bureau. Le pr\u00e9sident de la FCVC si\u00e8ge au Conseil d\u2019Administration ainsi qu\u2019au Bureau du SGV.<\/p>\n<p><a href=\"http:\/\/www.fcvc.fr\"><em>www.fcvc.fr<\/em><\/a><\/p>\n","protected":false},"excerpt":{"rendered":"<p>En 1939, le SGV Champagne cr\u00e9e la F\u00e9d\u00e9ration qui regroupe alors 28 coop\u00e9ratives. L\u2019objectif est de coordonner l\u2019action des coop\u00e9ratives pour qu\u2019elles restent au service de la cause syndicale. Ainsi, depuis plus de cinquante ans, la coop\u00e9ration champenoise contribue au maintien de l\u2019\u00e9quilibre \u00e9conomique entre vignoble et n\u00e9goce. Pour mener \u00e0 bien cette mission, la &hellip; <\/p>\n<p class=\"link-more\"><a href=\"https:\/\/www.sgv-champagne.fr\/?page_id=1651\" class=\"more-link\">Continuer la lecture<span class=\"screen-reader-text\"> de &laquo;&nbsp;La F\u00e9d\u00e9ration des Coop\u00e9ratives Vinicoles de la Champagne&nbsp;&raquo;<\/span><\/a><\/p>\n","protected":false},"author":7,"featured_media":0,"parent":0,"menu_order":0,"comment_status":"closed","ping_status":"closed","template":"","meta":{"footnotes":""},"class_list":["post-1651","page","type-page","status-publish","hentry"],"_links":{"self":[{"href":"https:\/\/www.sgv-champagne.fr\/index.php?rest_route=\/wp\/v2\/pages\/1651","targetHints":{"allow":["GET"]}}],"collection":[{"href":"https:\/\/www.sgv-champagne.fr\/index.php?rest_route=\/wp\/v2\/pages"}],"about":[{"href":"https:\/\/www.sgv-champagne.fr\/index.php?rest_route=\/wp\/v2\/types\/page"}],"author":[{"embeddable":true,"href":"https:\/\/www.sgv-champagne.fr\/index.php?rest_route=\/wp\/v2\/users\/7"}],"replies":[{"embeddable":true,"href":"https:\/\/www.sgv-champagne.fr\/index.php?rest_route=%2Fwp%2Fv2%2Fcomments&post=1651"}],"version-history":[{"count":2,"href":"https:\/\/www.sgv-champagne.fr\/index.php?rest_route=\/wp\/v2\/pages\/1651\/revisions"}],"predecessor-version":[{"id":2855,"href":"https:\/\/www.sgv-champagne.fr\/index.php?rest_route=\/wp\/v2\/pages\/1651\/revisions\/2855"}],"wp:attachment":[{"href":"https:\/\/www.sgv-champagne.fr\/index.php?rest_route=%2Fwp%2Fv2%2Fmedia&parent=1651"}],"curies":[{"name":"wp","href":"https:\/\/api.w.org\/{rel}","templated":true}]}}