{"id":2082,"date":"2017-01-08T09:29:20","date_gmt":"2017-01-08T08:29:20","guid":{"rendered":"http:\/\/dev.sgv-champagne.fr\/?page_id=2082"},"modified":"2025-08-13T13:14:45","modified_gmt":"2025-08-13T12:14:45","slug":"les-services","status":"publish","type":"page","link":"https:\/\/www.sgv-champagne.fr\/?page_id=2082","title":{"rendered":"Les services du SGV"},"content":{"rendered":"<div class=\"wpb-content-wrapper\"><p>[vc_row][vc_column][vc_column_text css=\u00a0\u00bb\u00a0\u00bb]<\/p>\n<h2>Le Service Relations Syndicales \/ ODG<\/h2>\n<p>Accompagne \u00e9lus syndicaux, commissions syndicales et groupes constitu\u00e9s du vignoble : \u00e9tudes sur la gestion de l&rsquo;appellation, protection des terroirs, am\u00e9nagement des structures, environnement, foncier. Organise et anime les sections locales, communique sur l&rsquo;action syndicale, les dossiers en cours et informe les adh\u00e9rents.<br \/>\n<br data-start=\"350\" data-end=\"353\">Depuis 2008, le SGV Champagne est agr\u00e9\u00e9 par l&rsquo;INAO en tant qu\u2019ODG. G\u00e8re et contr\u00f4le l\u2019appellation Champagne : cahier des charges (mises \u00e0 jour, adaptations r\u00e9glementaires), pr\u00e9servation des terroirs, contr\u00f4le des conditions de production.<\/p>\n<h2>Le service Juridique et Fiscal<\/h2>\n<p>Diffuse aupr\u00e8s des vignerons adh\u00e9rents les informations juridiques sur le droit, la fiscalit\u00e9 et la r\u00e9glementation viticole. Assiste les adh\u00e9rents en cas de besoin (recouvrement amiable, clients douteux), travaille sur les dossiers li\u00e9s aux pr\u00e9occupations des viticulteurs et porte les revendications syndicales.<\/p>\n<h2>Le service Employeurs<\/h2>\n<p>Accompagne les viticulteurs-employeurs dans la gestion quotidienne de leur personnel : droit social, formations, outils pratiques, consultation juridique ou \u00e9tude personnalis\u00e9e, proc\u00e9dures disciplinaires, paie (prestations ou Viti-p@ie). Soutien \u00e9galement la d\u00e9l\u00e9gation des employeurs, dans une mission de repr\u00e9sentation et de d\u00e9fense des employeurs de main-d\u2019\u0153uvre viticole champenoise.<\/p>\n<h2>Le service CRD<\/h2>\n<p>Depuis 1971, le SGV Champagne assure la distribution des capsules repr\u00e9sentatives de droits (pastille verte sur coiffe qui certifie que le producteur s&rsquo;est acquitt\u00e9 de ses droits et permet \u00e0 la bouteille de circuler librement sur le territoire fran\u00e7ais), vente de plusieurs gammes de coiffes (dont CLO\u00c9, coiffe intelligente) en magasins, en ligne et en livraison \u00e0 domicile.<\/p>\n<h2>Le service d&rsquo;aide \u00e0 la digitalisation<\/h2>\n<p>Accompagnement personnalis\u00e9 pour soutenir les vignerons dans leurs d\u00e9marches informatiques sur les diff\u00e9rents outils : Extranet, Vitiquette (\u00e9tiquetage), Webshop CRD. Support par t\u00e9l\u00e9phone et e-mail.<\/p>\n<h2>La Documentation et Valorisation<\/h2>\n<p>Centre de ressources : presse, archives, documentation technique et historique, pour partager et valoriser la connaissance, l&rsquo;information autour de la vigne, du vin, de l\u2019histoire et de la culture syndicale aupr\u00e8s des collaborateurs, des adh\u00e9rents et des chercheurs.<\/p>\n<h2>La Champagne Viticole<\/h2>\n<p>Magazine mensuel \u00e9dit\u00e9 par le Syndicat G\u00e9n\u00e9ral des Vignerons de la Champagne depuis 1909, informe les vignerons et acteurs de la famille champenoise. La quasi totalit\u00e9 du magazine et des divers guides sont produits en interne avec l\u2019appui de pigistes.<\/p>\n<h2>Champagne de Vignerons<\/h2>\n<p>Banni\u00e8re collective cr\u00e9\u00e9e en 2001 pour promouvoir les champagnes \u00e9labor\u00e9s par le vignoble, renforcer l&rsquo;image du m\u00e9tier de vigneron et valoriser ses produits. Soutenir la commercialisation via des salons (en France ou \u00e0 l&rsquo;\u00e9tranger), des actions presse et grand public, des conseils \u00e0 la commercialisation.<\/p>\n<h2>La Communication Institutionnelle<\/h2>\n<p>Met en valeur le SGV Champagne et ses actions men\u00e9es au quotidien : communication politique, interne, digitale (r\u00e9seaux sociaux, site internet, site extranet, webinaire), relations presse, supports papier et web.<\/p>\n<h2>Les services supports<\/h2>\n<p data-start=\"2121\" data-end=\"2211\">Ressources Humaines : accompagnement des collaborateurs tout au long de son parcours professionnel et strat\u00e9gies.<\/p>\n<p data-start=\"2214\" data-end=\"2274\">Informatique : mat\u00e9riel (r\u00e9seau, serveurs, t\u00e9l\u00e9phonie), conseils de logiciels pour les diff\u00e9rents m\u00e9tiers.<\/p>\n<p data-start=\"2277\" data-end=\"2346\">Moyens G\u00e9n\u00e9raux : soutien technique, maintenance des locaux, logistique, hygi\u00e8ne et s\u00e9curit\u00e9.<\/p>\n<p data-start=\"2349\" data-end=\"2414\">Comptabilit\u00e9 : bilan, comptes de r\u00e9sultat, outils de gestion.<\/p>\n<p>[\/vc_column_text][\/vc_column][\/vc_row]<\/p>\n<\/div>","protected":false},"excerpt":{"rendered":"<p>[vc_row][vc_column][vc_column_text css=\u00a0\u00bb\u00a0\u00bb] Le Service Relations Syndicales \/ ODG Accompagne \u00e9lus syndicaux, commissions syndicales et groupes constitu\u00e9s du vignoble : \u00e9tudes sur la gestion de l&rsquo;appellation, protection des terroirs, am\u00e9nagement des structures, environnement, foncier. Organise et anime les sections locales, communique sur l&rsquo;action syndicale, les dossiers en cours et informe les adh\u00e9rents. Depuis 2008, le SGV &hellip; <\/p>\n<p class=\"link-more\"><a href=\"https:\/\/www.sgv-champagne.fr\/?page_id=2082\" class=\"more-link\">Continuer la lecture<span class=\"screen-reader-text\"> de &laquo;&nbsp;Les services du SGV&nbsp;&raquo;<\/span><\/a><\/p>\n","protected":false},"author":7,"featured_media":0,"parent":0,"menu_order":0,"comment_status":"closed","ping_status":"closed","template":"","meta":{"footnotes":""},"class_list":["post-2082","page","type-page","status-publish","hentry"],"_links":{"self":[{"href":"https:\/\/www.sgv-champagne.fr\/index.php?rest_route=\/wp\/v2\/pages\/2082","targetHints":{"allow":["GET"]}}],"collection":[{"href":"https:\/\/www.sgv-champagne.fr\/index.php?rest_route=\/wp\/v2\/pages"}],"about":[{"href":"https:\/\/www.sgv-champagne.fr\/index.php?rest_route=\/wp\/v2\/types\/page"}],"author":[{"embeddable":true,"href":"https:\/\/www.sgv-champagne.fr\/index.php?rest_route=\/wp\/v2\/users\/7"}],"replies":[{"embeddable":true,"href":"https:\/\/www.sgv-champagne.fr\/index.php?rest_route=%2Fwp%2Fv2%2Fcomments&post=2082"}],"version-history":[{"count":5,"href":"https:\/\/www.sgv-champagne.fr\/index.php?rest_route=\/wp\/v2\/pages\/2082\/revisions"}],"predecessor-version":[{"id":6088,"href":"https:\/\/www.sgv-champagne.fr\/index.php?rest_route=\/wp\/v2\/pages\/2082\/revisions\/6088"}],"wp:attachment":[{"href":"https:\/\/www.sgv-champagne.fr\/index.php?rest_route=%2Fwp%2Fv2%2Fmedia&parent=2082"}],"curies":[{"name":"wp","href":"https:\/\/api.w.org\/{rel}","templated":true}]}}