{"id":2151,"date":"2017-01-16T16:35:48","date_gmt":"2017-01-16T15:35:48","guid":{"rendered":"http:\/\/dev.sgv-champagne.fr\/?page_id=2151"},"modified":"2020-03-05T16:17:59","modified_gmt":"2020-03-05T15:17:59","slug":"lhistoire-du-sgv-lemancipation-economique-du-vignoble","status":"publish","type":"page","link":"https:\/\/www.sgv-champagne.fr\/?page_id=2151","title":{"rendered":"La cr\u00e9ation du SGV : l&rsquo;\u00e9mancipation \u00e9conomique du vignoble"},"content":{"rendered":"<div class=\"wpb-content-wrapper\"><p>[vc_row][vc_column][vc_column_text]<\/p>\n<h4>La crise du vignoble champenois<\/h4>\n<p>Le syndicalisme viticole champenois, comme nombre de mouvements similaires, est n\u00e9 d\u2019une r\u00e9action \u00e0 une situation de crise.<br \/>\n\u00c0 la fin du XIXe\u202fsi\u00e8cle, le march\u00e9 du raisin n\u2019est r\u00e9gi par aucune r\u00e8gle\u2009: la loi de l\u2019offre et de la demande s\u2019impose durement aux vignerons. Les n\u00e9gociants imposent facilement leurs conditions \u00e0 l\u2019achat des raisins, conditions que les vignerons sont oblig\u00e9s d\u2019accepter pour vendre leur r\u00e9colte. Le regroupement des vignerons se heurte alors \u00e0 trois obstacles de taille\u2009: leur tr\u00e8s grand nombre, des exploitations de tailles et de revenus tr\u00e8s diff\u00e9rents et un individualisme tr\u00e8s fort au niveau des communes viticoles.<br \/>\nLes exp\u00e9ditions de champagne connaissent \u00e0 cette \u00e9poque une expansion importante. L\u2019occasion est trop belle. Certains fraudeurs profitent de la demande pour commercialiser sous le nom de \u00ab\u2009Champagne\u2009\u00bb des effervescents \u00e9labor\u00e9s \u00e0 partir de vins ext\u00e9rieurs \u00e0 la r\u00e9gion, g\u00e9n\u00e9rant ainsi un d\u00e9s\u00e9quilibre du march\u00e9 interne avec une m\u00e9vente des r\u00e9coltes ainsi que de graves difficult\u00e9s \u00e9conomiques et financi\u00e8res pour les vignerons.<\/p>\n<h4>Naissance du syndicalisme<\/h4>\n<p>Par r\u00e9action \u00e0 ces fraudes, les premiers syndicats locaux de d\u00e9fense professionnelle se cr\u00e9eront. Pour assurer leur coordination, sera fond\u00e9e le 21\u202fao\u00fbt 1904 la F\u00e9d\u00e9ration des Syndicats de la Champagne. En 1909 para\u00eet le journal \u00ab\u2009La Champagne Viticole\u2009\u00bb, trait d\u2019union entre la F\u00e9d\u00e9ration et le vignoble. Dix ans plus tard, en 1919, pour pouvoir agir en justice, la F\u00e9d\u00e9ration des syndicats de champagne deviendra le Syndicat G\u00e9n\u00e9ral des Vignerons de la Champagne. Fid\u00e8le \u00e0 ses objectifs initiaux, le Syndicat luttera pour obtenir la reconnaissance de l\u2019appellation Champagne. Il jouera un r\u00f4le actif dans la mise en place de l\u2019aire d\u00e9limit\u00e9e et dans la d\u00e9finition des r\u00e8gles de production constituant le statut champenois.<br \/>\nSoucieux \u00e9galement d\u2019organiser le vignoble et de regrouper l\u2019offre de raisins \u00e0 la vendange, le Syndicat G\u00e9n\u00e9ral des Vignerons de la Champagne suscitera la cr\u00e9ation des coop\u00e9ratives avant la seconde Guerre Mondiale et dans les ann\u00e9es 1950.<\/p>\n<h4>\u00c9conomie organis\u00e9e et prosp\u00e9rit\u00e9 partag\u00e9e<\/h4>\n<p>Parall\u00e8lement, il s\u2019emploiera \u00e0 convaincre le n\u00e9goce champenois de l\u2019utilit\u00e9 d\u2019une organisation \u00e9conomique g\u00e9n\u00e9rale. Ses efforts d\u00e9boucheront, \u00e0 partir de 1959, sur la mise en place d\u2019une s\u00e9rie de contrats interprofessionnels r\u00e9gissant les transactions entre vignerons et maisons de Champagne.<br \/>\nToutes ces actions contribueront \u00e0 donner au Syndicat G\u00e9n\u00e9ral des Vignerons de la Champagne une image de responsabilit\u00e9 et d\u2019efficacit\u00e9 et \u00e0 lui conf\u00e9rer au niveau du vignoble un enracinement profond.<br \/>\nAujourd\u2019hui, ces caract\u00e9ristiques ne se d\u00e9mentent pas. Le Syndicat G\u00e9n\u00e9ral des Vignerons f\u00e9d\u00e8re toutes les composantes du vignoble. M\u00eame si l\u2019environnement a \u00e9volu\u00e9, m\u00eame si les dossiers qu\u2019il doit traiter ne cessent de se renouveler, il conserve son assise et fonde toujours sa d\u00e9marche revendicative sur une \u00e9tude approfondie des dossiers et des propositions \u00e9tay\u00e9es. Son implantation, son caract\u00e8re unitaire, ses comp\u00e9tences en font un interlocuteur incontournable dans les milieux professionnels et aupr\u00e8s des pouvoirs publics.[\/vc_column_text][\/vc_column][\/vc_row][vc_row][vc_column][vc_custom_heading text=\u00a0\u00bbLes pr\u00e9sidents du SGV\u00a0\u00bb use_theme_fonts=\u00a0\u00bbyes\u00a0\u00bb][vc_masonry_media_grid item=\u00a0\u00bb2259&Prime; initial_loading_animation=\u00a0\u00bbnone\u00a0\u00bb grid_id=\u00a0\u00bbvc_gid:1583421328534-3f56bb4b-553f-9&Prime; include=\u00a0\u00bb2160,2168,2170,2161,2159,2163,2162,2165,2169,2167,2164,2178,4085&Prime;][\/vc_column][\/vc_row]<\/p>\n<\/div>","protected":false},"excerpt":{"rendered":"<p>[vc_row][vc_column][vc_column_text] La crise du vignoble champenois Le syndicalisme viticole champenois, comme nombre de mouvements similaires, est n\u00e9 d\u2019une r\u00e9action \u00e0 une situation de crise. \u00c0 la fin du XIXe\u202fsi\u00e8cle, le march\u00e9 du raisin n\u2019est r\u00e9gi par aucune r\u00e8gle\u2009: la loi de l\u2019offre et de la demande s\u2019impose durement aux vignerons. Les n\u00e9gociants imposent facilement leurs &hellip; <\/p>\n<p class=\"link-more\"><a href=\"https:\/\/www.sgv-champagne.fr\/?page_id=2151\" class=\"more-link\">Continuer la lecture<span class=\"screen-reader-text\"> de &laquo;&nbsp;La cr\u00e9ation du SGV : l&rsquo;\u00e9mancipation \u00e9conomique du vignoble&nbsp;&raquo;<\/span><\/a><\/p>\n","protected":false},"author":7,"featured_media":0,"parent":0,"menu_order":0,"comment_status":"closed","ping_status":"closed","template":"","meta":{"footnotes":""},"class_list":["post-2151","page","type-page","status-publish","hentry"],"_links":{"self":[{"href":"https:\/\/www.sgv-champagne.fr\/index.php?rest_route=\/wp\/v2\/pages\/2151","targetHints":{"allow":["GET"]}}],"collection":[{"href":"https:\/\/www.sgv-champagne.fr\/index.php?rest_route=\/wp\/v2\/pages"}],"about":[{"href":"https:\/\/www.sgv-champagne.fr\/index.php?rest_route=\/wp\/v2\/types\/page"}],"author":[{"embeddable":true,"href":"https:\/\/www.sgv-champagne.fr\/index.php?rest_route=\/wp\/v2\/users\/7"}],"replies":[{"embeddable":true,"href":"https:\/\/www.sgv-champagne.fr\/index.php?rest_route=%2Fwp%2Fv2%2Fcomments&post=2151"}],"version-history":[{"count":3,"href":"https:\/\/www.sgv-champagne.fr\/index.php?rest_route=\/wp\/v2\/pages\/2151\/revisions"}],"predecessor-version":[{"id":4086,"href":"https:\/\/www.sgv-champagne.fr\/index.php?rest_route=\/wp\/v2\/pages\/2151\/revisions\/4086"}],"wp:attachment":[{"href":"https:\/\/www.sgv-champagne.fr\/index.php?rest_route=%2Fwp%2Fv2%2Fmedia&parent=2151"}],"curies":[{"name":"wp","href":"https:\/\/api.w.org\/{rel}","templated":true}]}}