{"id":2544,"date":"2017-12-05T19:29:51","date_gmt":"2017-12-05T18:29:51","guid":{"rendered":"http:\/\/www.sgvtest.kilkoa.com\/?page_id=2544"},"modified":"2025-10-20T08:46:00","modified_gmt":"2025-10-20T07:46:00","slug":"cahiers-des-charges-et-plans-dinspection","status":"publish","type":"page","link":"https:\/\/www.sgv-champagne.fr\/?page_id=2544","title":{"rendered":"Cahiers des charges et plans de contr\u00f4le"},"content":{"rendered":"<div class=\"wpb-content-wrapper\"><p>[vc_row][vc_column][vc_column_text css=\u00a0\u00bb\u00a0\u00bb]<\/p>\n<h3>Les cahiers des charges<\/h3>\n<p><a href=\"https:\/\/www.sgv-champagne.fr\/wp-content\/uploads\/2025\/08\/CDC_Champagne_.pdf\">AOC Champagne<\/a><\/p>\n<p><a href=\"https:\/\/www.sgv-champagne.fr\/wp-content\/uploads\/2025\/08\/CDC_Coteauxchampenoix.pdf\">AOC Coteaux Champenois<\/a><\/p>\n<p><a href=\"https:\/\/www.sgv-champagne.fr\/wp-content\/uploads\/2025\/08\/CDC_Rose-des-Riceys_.pdf\" target=\"_blank\" rel=\"noopener noreferrer\">AOC Rose\u0301 des Riceys<\/a><\/p>\n<h3>Les plans de contr\u00f4le<\/h3>\n<p><a href=\"https:\/\/www.sgv-champagne.fr\/wp-content\/uploads\/2025\/10\/AID-I-AOC-CHMP-03-Champagne_OC.pdf\" target=\"_blank\" rel=\"noopener\">Plan de contr\u00f4le AOC Champagne<\/a><\/p>\n<p><a href=\"https:\/\/www.sgv-champagne.fr\/wp-content\/uploads\/2025\/10\/AID-I-AOC-CXCH-03-Coteaux-champenois_OC.pdf\" target=\"_blank\" rel=\"noopener\">Plan de contr\u00f4le AOC Coteaux Champenois<\/a><\/p>\n<p><a href=\"http:\/\/www.sgv-champagne.fr\/wp-content\/uploads\/2023\/05\/PCI_AID_AO_ROSE_RICEYS_OC.pdf\">Plan de contr\u00f4le AOC Ros\u00e9 des Riceys<\/a><\/p>\n<h3>D\u00e9claration d\u2019am\u00e9nagement<\/h3>\n<p><a href=\"http:\/\/www.sgv-champagne.fr\/wp-content\/uploads\/2019\/01\/De\u0301claration-damenagement-de-parcelle.pdf\">D\u00e9claration d&rsquo;am\u00e9nagement de parcelle<\/a><\/p>\n<h3>Fiche de pr\u00e9l\u00e8vement<\/h3>\n<p><a href=\"http:\/\/www.sgv-champagne.fr\/wp-content\/uploads\/2018\/09\/Fiche-de-pre\u0301le\u0300vement-2018.pdf\">Fiche de pr\u00e9l\u00e8vement des raisins<\/a><\/p>\n<p>INAO<\/p>\n<p><a href=\"http:\/\/www.sgv-champagne.fr\/wp-content\/uploads\/2024\/10\/INAO-DEC-CONT-8-2.pdf\">Dispositions de contr\u00f4le communes \u00e0 l&rsquo;ensemble des Appellations d&rsquo;Origine Viticoles<\/a>[\/vc_column_text][\/vc_column][\/vc_row]<\/p>\n<\/div>","protected":false},"excerpt":{"rendered":"<p>[vc_row][vc_column][vc_column_text css=\u00a0\u00bb\u00a0\u00bb] Les cahiers des charges AOC Champagne AOC Coteaux Champenois AOC Rose\u0301 des Riceys Les plans de contr\u00f4le Plan de contr\u00f4le AOC Champagne Plan de contr\u00f4le AOC Coteaux Champenois Plan de contr\u00f4le AOC Ros\u00e9 des Riceys D\u00e9claration d\u2019am\u00e9nagement D\u00e9claration d&rsquo;am\u00e9nagement de parcelle Fiche de pr\u00e9l\u00e8vement Fiche de pr\u00e9l\u00e8vement des raisins INAO Dispositions de contr\u00f4le &hellip; <\/p>\n<p class=\"link-more\"><a href=\"https:\/\/www.sgv-champagne.fr\/?page_id=2544\" class=\"more-link\">Continuer la lecture<span class=\"screen-reader-text\"> de &laquo;&nbsp;Cahiers des charges et plans de contr\u00f4le&nbsp;&raquo;<\/span><\/a><\/p>\n","protected":false},"author":7,"featured_media":0,"parent":0,"menu_order":0,"comment_status":"closed","ping_status":"closed","template":"","meta":{"footnotes":""},"class_list":["post-2544","page","type-page","status-publish","hentry"],"_links":{"self":[{"href":"https:\/\/www.sgv-champagne.fr\/index.php?rest_route=\/wp\/v2\/pages\/2544","targetHints":{"allow":["GET"]}}],"collection":[{"href":"https:\/\/www.sgv-champagne.fr\/index.php?rest_route=\/wp\/v2\/pages"}],"about":[{"href":"https:\/\/www.sgv-champagne.fr\/index.php?rest_route=\/wp\/v2\/types\/page"}],"author":[{"embeddable":true,"href":"https:\/\/www.sgv-champagne.fr\/index.php?rest_route=\/wp\/v2\/users\/7"}],"replies":[{"embeddable":true,"href":"https:\/\/www.sgv-champagne.fr\/index.php?rest_route=%2Fwp%2Fv2%2Fcomments&post=2544"}],"version-history":[{"count":25,"href":"https:\/\/www.sgv-champagne.fr\/index.php?rest_route=\/wp\/v2\/pages\/2544\/revisions"}],"predecessor-version":[{"id":6101,"href":"https:\/\/www.sgv-champagne.fr\/index.php?rest_route=\/wp\/v2\/pages\/2544\/revisions\/6101"}],"wp:attachment":[{"href":"https:\/\/www.sgv-champagne.fr\/index.php?rest_route=%2Fwp%2Fv2%2Fmedia&parent=2544"}],"curies":[{"name":"wp","href":"https:\/\/api.w.org\/{rel}","templated":true}]}}