{"id":5513,"date":"2022-09-12T11:07:15","date_gmt":"2022-09-12T10:07:15","guid":{"rendered":"http:\/\/www.sgv-champagne.fr\/?page_id=5513"},"modified":"2026-02-26T09:13:22","modified_gmt":"2026-02-26T08:13:22","slug":"le-pocket","status":"publish","type":"page","link":"https:\/\/www.sgv-champagne.fr\/?page_id=5513","title":{"rendered":"Le Pocket"},"content":{"rendered":"<div class=\"wpb-content-wrapper\"><p>[vc_row][vc_column][vc_column_text css=\u00a0\u00bb\u00a0\u00bb]\n<!-- G\u00e9n\u00e9ration r\u00e9alis\u00e9e avec Document Gallery. Obtenez votre version ici :http:\/\/wordpress.org\/extend\/plugins\/document-gallery -->\n<div id=\"document-gallery-1\" class=\"document-gallery\" data-shortcode='{\"id\":5513,\"include\":\"6138\",\"exclude\":\"\",\"columns\":4,\"fancy\":true,\"order\":\"ASC\",\"orderby\":\"post__in\",\"relation\":\"AND\",\"limit\":-1,\"mime_types\":\"application,video,text,audio,image\",\"paginate\":true,\"post_status\":\"any\",\"post_type\":\"attachment\",\"attachment_pg\":false,\"descriptions\":false,\"new_window\":false,\"skip\":0}' style='--dg-icon-width: 24%'>\n<div class='document-icon-row'>\n   <div class=\"document-icon\">\n      <a href=\"https:\/\/www.sgv-champagne.fr\/wp-content\/uploads\/2026\/02\/POCKET-2025_VF.pdf\" target=\"_self\">\n         <img decoding=\"async\" src=\"https:\/\/www.sgv-champagne.fr\/wp-content\/uploads\/2026\/02\/POCKET-2025_VF-thumb.png\" title=\"POCKET 2025_VF\" alt=\"POCKET 2025_VF\" data-ext=\"pdf\"\/>\n         <span class=\"title\">POCKET 2025_VF<\/span>\n      <\/a>\n   <\/div>\n\n<\/div>\n<\/div>[\/vc_column_text][\/vc_column][\/vc_row]<\/p>\n<\/div>","protected":false},"excerpt":{"rendered":"<p>[vc_row][vc_column][vc_column_text css=\u00a0\u00bb\u00a0\u00bb][\/vc_column_text][\/vc_column][\/vc_row]<\/p>\n","protected":false},"author":7,"featured_media":0,"parent":0,"menu_order":0,"comment_status":"closed","ping_status":"closed","template":"","meta":{"footnotes":""},"class_list":["post-5513","page","type-page","status-publish","hentry"],"_links":{"self":[{"href":"https:\/\/www.sgv-champagne.fr\/index.php?rest_route=\/wp\/v2\/pages\/5513","targetHints":{"allow":["GET"]}}],"collection":[{"href":"https:\/\/www.sgv-champagne.fr\/index.php?rest_route=\/wp\/v2\/pages"}],"about":[{"href":"https:\/\/www.sgv-champagne.fr\/index.php?rest_route=\/wp\/v2\/types\/page"}],"author":[{"embeddable":true,"href":"https:\/\/www.sgv-champagne.fr\/index.php?rest_route=\/wp\/v2\/users\/7"}],"replies":[{"embeddable":true,"href":"https:\/\/www.sgv-champagne.fr\/index.php?rest_route=%2Fwp%2Fv2%2Fcomments&post=5513"}],"version-history":[{"count":3,"href":"https:\/\/www.sgv-champagne.fr\/index.php?rest_route=\/wp\/v2\/pages\/5513\/revisions"}],"predecessor-version":[{"id":6139,"href":"https:\/\/www.sgv-champagne.fr\/index.php?rest_route=\/wp\/v2\/pages\/5513\/revisions\/6139"}],"wp:attachment":[{"href":"https:\/\/www.sgv-champagne.fr\/index.php?rest_route=%2Fwp%2Fv2%2Fmedia&parent=5513"}],"curies":[{"name":"wp","href":"https:\/\/api.w.org\/{rel}","templated":true}]}}